{"id":22,"date":"2020-04-18T20:52:22","date_gmt":"2020-04-18T20:52:22","guid":{"rendered":"http:\/\/scbmusik.de\/?page_id=22"},"modified":"2020-04-22T20:42:50","modified_gmt":"2020-04-22T20:42:50","slug":"datenschutz","status":"publish","type":"page","link":"https:\/\/scbmusik.de\/?page_id=22","title":{"rendered":"Datenschutz"},"content":{"rendered":"\n<h1 class=\"wp-block-heading\">Datenschutzerkl\u00e4rung<\/h1>\n\n\n\n<p>Stand: 18. April 2020<\/p>\n\n\n\n<h2 class=\"wp-block-heading\">Inhalts\u00fcbersicht<\/h2>\n\n\n\n<ul class=\"wp-block-list\"><li><a href=\"#m3\">Verantwortlicher<\/a><\/li><li><a href=\"#mOverview\">\u00dcbersicht der Verarbeitungen<\/a><\/li><li><a href=\"#m134\">Einsatz von Cookies<\/a><\/li><li><a href=\"#m225\">Bereitstellung des Onlineangebotes und Webhosting<\/a><\/li><\/ul>\n\n\n\n<h2 class=\"wp-block-heading\" id=\"m3\">Verantwortlicher<\/h2>\n\n\n\n<p>Bernhard Schencke<br>c\/o LMS Stuhr<br>Danziger Str. 5<br>28816 Stuhr<\/p>\n\n\n\n<p><strong>E-Mail-Adresse<\/strong>: musik@kgs-moordeich.de<\/p>\n\n\n\n<h2 class=\"wp-block-heading\" id=\"mOverview\">\u00dcbersicht der Verarbeitungen<\/h2>\n\n\n\n<p>Die nachfolgende \u00dcbersicht fasst die Arten der verarbeiteten Daten und die Zwecke ihrer Verarbeitung zusammen und verweist auf die betroffenen Personen.<\/p>\n\n\n\n<h3 class=\"wp-block-heading\">Arten der verarbeiteten Daten<\/h3>\n\n\n\n<ul class=\"wp-block-list\"><li>Inhaltsdaten (z.B. Texteingaben, Fotografien, Videos).<\/li><li>Meta-\/Kommunikationsdaten (z.B. Ger\u00e4te-Informationen, IP-Adressen).<\/li><li>Nutzungsdaten (z.B. besuchte Webseiten, Interesse an Inhalten, Zugriffszeiten).<\/li><\/ul>\n\n\n\n<h3 class=\"wp-block-heading\">Kategorien betroffener Personen<\/h3>\n\n\n\n<ul class=\"wp-block-list\"><li>Nutzer (z.B. Webseitenbesucher, Nutzer von Onlinediensten).<\/li><\/ul>\n\n\n\n<h2 class=\"wp-block-heading\" id=\"m134\">Einsatz von Cookies<\/h2>\n\n\n\n<p>Cookies sind Textdateien, die Daten von besuchten Websites oder Domains enthalten und von einem Browser auf dem Computer des Benutzers gespeichert werden. Ein Cookie dient in erster Linie dazu, die Informationen \u00fcber einen Benutzer w\u00e4hrend oder nach seinem Besuch innerhalb eines Onlineangebotes zu speichern. Zu den gespeicherten Angaben k\u00f6nnen z.B. die Spracheinstellungen auf einer Webseite, der Loginstatus, ein Warenkorb oder die Stelle, an der ein Video geschaut wurde, geh\u00f6ren. Zu dem Begriff der Cookies z\u00e4hlen wir ferner andere Technologien, die die gleichen Funktionen wie Cookies erf\u00fcllen (z.B., wenn Angaben der Nutzer anhand pseudonymer Onlinekennzeichnungen gespeichert werden, auch als &#8222;Nutzer-IDs&#8220; bezeichnet)<\/p>\n\n\n\n<p><strong>Die folgenden Cookie-Typen und Funktionen werden unterschieden:<\/strong><\/p>\n\n\n\n<ul class=\"wp-block-list\"><li><strong>Tempor\u00e4re Cookies (auch: Session- oder Sitzungs-Cookies):<\/strong>&nbsp;Tempor\u00e4re Cookies werden sp\u00e4testens gel\u00f6scht, nachdem ein Nutzer ein Online-Angebot verlassen und seinen Browser geschlossen hat.<\/li><li><strong>Permanente Cookies:<\/strong>&nbsp;Permanente Cookies bleiben auch nach dem Schlie\u00dfen des Browsers gespeichert. So kann beispielsweise der Login-Status gespeichert oder bevorzugte Inhalte direkt angezeigt werden, wenn der Nutzer eine Website erneut besucht. Ebenso k\u00f6nnen die Interessen von Nutzern, die zur Reichweitenmessung oder zu Marketingzwecken verwendet werden, in einem solchen Cookie gespeichert werden.<\/li><li><strong>First-Party-Cookies:<\/strong>&nbsp;First-Party-Cookies werden von uns selbst gesetzt.<\/li><li><strong>Third-Party-Cookies (auch: Drittanbieter-Cookies)<\/strong>: Drittanbieter-Cookies werden haupts\u00e4chlich von Werbetreibenden (sog. Dritten) verwendet, um Benutzerinformationen zu verarbeiten.<\/li><li><strong>Notwendige (auch: essentielle oder unbedingt erforderliche) Cookies:<\/strong> Cookies k\u00f6nnen zum einen f\u00fcr den Betrieb einer Webseite unbedingt erforderlich sein (z.B. um Logins oder andere Nutzereingaben zu speichern oder aus Gr\u00fcnden der Sicherheit).<\/li><li><strong>Statistik-, Marketing- und Personalisierungs-Cookies<\/strong>: Ferner werden Cookies im Regelfall auch im Rahmen der Reichweitenmessung eingesetzt sowie dann, wenn die Interessen eines Nutzers oder sein Verhalten (z.B. Betrachten bestimmter Inhalte, Nutzen von Funktionen etc.) auf einzelnen Webseiten in einem Nutzerprofil gespeichert werden. Solche Profile dienen dazu, den Nutzern z.B. Inhalte anzuzeigen, die ihren potentiellen Interessen entsprechen. Dieses Verfahren wird auch als &#8222;Tracking&#8220;, d.h., Nachverfolgung der potentiellen Interessen der Nutzer bezeichnet. . Soweit wir Cookies oder &#8222;Tracking&#8220;-Technologien einsetzen, informieren wir Sie gesondert in unserer Datenschutzerkl\u00e4rung oder im Rahmen der Einholung einer Einwilligung.<\/li><\/ul>\n\n\n\n<p><strong>Hinweise zu Rechtsgrundlagen:<\/strong> Auf welcher Rechtsgrundlage wir Ihre personenbezogenen Daten mit Hilfe von Cookies verarbeiten, h\u00e4ngt davon ab, ob wir Sie um eine Einwilligung bitten. Falls dies zutrifft und Sie in die Nutzung von Cookies einwilligen, ist die Rechtsgrundlage der Verarbeitung Ihrer Daten die erkl\u00e4rte Einwilligung. Andernfalls werden die mithilfe von Cookies verarbeiteten Daten auf Grundlage unserer berechtigten Interessen (z.B. an einem betriebswirtschaftlichen Betrieb unseres Onlineangebotes und dessen Verbesserung) verarbeitet oder, wenn der Einsatz von Cookies erforderlich ist, um unsere vertraglichen Verpflichtungen zu erf\u00fcllen.<\/p>\n\n\n\n<p><strong>Allgemeine Hinweise zum Widerruf und Widerspruch (Opt-Out):<\/strong> Abh\u00e4ngig davon, ob die Verarbeitung auf Grundlage einer Einwilligung oder gesetzlichen Erlaubnis erfolgt, haben Sie jederzeit die M\u00f6glichkeit, eine erteilte Einwilligung zu widerrufen oder der Verarbeitung Ihrer Daten durch Cookie-Technologien zu widersprechen (zusammenfassend als &#8222;Opt-Out&#8220; bezeichnet). Sie k\u00f6nnen Ihren Widerspruch zun\u00e4chst mittels der Einstellungen Ihres Browsers erkl\u00e4ren, z.B., indem Sie die Nutzung von Cookies deaktivieren (wobei hierdurch auch die Funktionsf\u00e4higkeit unseres Onlineangebotes eingeschr\u00e4nkt werden kann). Ein Widerspruch gegen den Einsatz von Cookies zu Zwecken des Onlinemarketings kann auch mittels einer Vielzahl von Diensten, vor allem im Fall des Trackings, \u00fcber die Webseiten <a href=\"https:\/\/optout.aboutads.info\" target=\"_blank\" rel=\"noreferrer noopener\">https:\/\/optout.aboutads.info<\/a> und <a href=\"https:\/\/www.youronlinechoices.com\/\" target=\"_blank\" rel=\"noreferrer noopener\">https:\/\/www.youronlinechoices.com\/<\/a> erkl\u00e4rt werden. Daneben k\u00f6nnen Sie weitere Widerspruchshinweise im Rahmen der Angaben zu den eingesetzten Dienstleistern und Cookies erhalten.<\/p>\n\n\n\n<p><strong>Verarbeitung von Cookie-Daten auf Grundlage einer Einwilligung<\/strong>: Bevor wir Daten im Rahmen der Nutzung von Cookies verarbeiten oder verarbeiten lassen, bitten wir die Nutzer um eine jederzeit widerrufbare Einwilligung. Bevor die Einwilligung nicht ausgesprochen wurde, werden allenfalls Cookies eingesetzt, die f\u00fcr den Betrieb unseres Onlineangebotes erforderlich sind. Deren Einsatz erfolgt auf der Grundlage unseres Interesses und des Interesses der Nutzer an der erwarteten Funktionsf\u00e4higkeit unseres Onlineangebotes.<\/p>\n\n\n\n<ul class=\"wp-block-list\"><li><strong>Verarbeitete Datenarten:<\/strong> Nutzungsdaten (z.B. besuchte Webseiten, Interesse an Inhalten, Zugriffszeiten), Meta-\/Kommunikationsdaten (z.B. Ger\u00e4te-Informationen, IP-Adressen).<\/li><li><strong>Betroffene Personen:<\/strong> Nutzer (z.B. Webseitenbesucher, Nutzer von Onlinediensten).<\/li><li><strong>Rechtsgrundlagen:<\/strong> Einwilligung (Art. 6 Abs. 1 S. 1 lit. a DSGVO), Berechtigte Interessen (Art. 6 Abs. 1 S. 1 lit. f. DSGVO).<\/li><\/ul>\n\n\n\n<h2 class=\"wp-block-heading\" id=\"m225\">Bereitstellung des Onlineangebotes und Webhosting<\/h2>\n\n\n\n<p>Um unser Onlineangebot sicher und effizient bereitstellen zu k\u00f6nnen, nehmen wir die Leistungen von einem oder mehreren Webhosting-Anbietern in Anspruch, von deren Servern (bzw. von ihnen verwalteten Servern) das Onlineangebot abgerufen werden kann. Zu diesen Zwecken k\u00f6nnen wir Infrastruktur- und Plattformdienstleistungen, Rechenkapazit\u00e4t, Speicherplatz und Datenbankdienste sowie Sicherheitsleistungen und technische Wartungsleistungen in Anspruch nehmen.<\/p>\n\n\n\n<p>Zu den im Rahmen der Bereitstellung des Hostingangebotes verarbeiteten Daten k\u00f6nnen alle die Nutzer unseres Onlineangebotes betreffenden Angaben geh\u00f6ren, die im Rahmen der Nutzung und der Kommunikation anfallen. Hierzu geh\u00f6ren regelm\u00e4\u00dfig die IP-Adresse, die notwendig ist, um die Inhalte von Onlineangeboten an Browser ausliefern zu k\u00f6nnen, und alle innerhalb unseres Onlineangebotes oder von Webseiten get\u00e4tigten Eingaben.<\/p>\n\n\n\n<p><strong>Erhebung von Zugriffsdaten und Logfiles<\/strong>: Wir selbst (bzw. unser Webhostinganbieter) erheben Daten zu jedem Zugriff auf den Server (sogenannte Serverlogfiles). Zu den Serverlogfiles k\u00f6nnen die Adresse und Name der abgerufenen Webseiten und Dateien, Datum und Uhrzeit des Abrufs, \u00fcbertragene Datenmengen, Meldung \u00fcber erfolgreichen Abruf, Browsertyp nebst Version, das Betriebssystem des Nutzers, Referrer URL (die zuvor besuchte Seite) und im Regelfall IP-Adressen und der anfragende Provider geh\u00f6ren.<\/p>\n\n\n\n<p>Die Serverlogfiles k\u00f6nnen zum einen zu Zwecken der Sicherheit eingesetzt werden, z.B., um eine \u00dcberlastung der Server zu vermeiden (insbesondere im Fall von missbr\u00e4uchlichen Angriffen, sogenannten DDoS-Attacken) und zum anderen, um die Auslastung der Server und ihre Stabilit\u00e4t sicherzustellen.<\/p>\n\n\n\n<ul class=\"wp-block-list\"><li><strong>Verarbeitete Datenarten:<\/strong> Inhaltsdaten (z.B. Texteingaben, Fotografien, Videos), Nutzungsdaten (z.B. besuchte Webseiten, Interesse an Inhalten, Zugriffszeiten), Meta-\/Kommunikationsdaten (z.B. Ger\u00e4te-Informationen, IP-Adressen).<\/li><li><strong>Betroffene Personen:<\/strong> Nutzer (z.B. Webseitenbesucher, Nutzer von Onlinediensten).<\/li><li><strong>Rechtsgrundlagen:<\/strong> Berechtigte Interessen (Art. 6 Abs. 1 S. 1 lit. f. DSGVO).<\/li><\/ul>\n\n\n\n<p>WordPress Hosting \u00fcber Strato<\/p>\n\n\n\n<p><a href=\"https:\/\/datenschutz-generator.de\/?l=de\" target=\"_blank\" rel=\"noreferrer noopener\">Erstellt mit kostenlosem Datenschutz-Generator.de von Dr. Thomas Schwenke<\/a><\/p>\n","protected":false},"excerpt":{"rendered":"<p>Datenschutzerkl\u00e4rung Stand: 18. April 2020 Inhalts\u00fcbersicht Verantwortlicher \u00dcbersicht der Verarbeitungen Einsatz von Cookies Bereitstellung des Onlineangebotes und Webhosting Verantwortlicher Bernhard Schenckec\/o LMS StuhrDanziger Str. 528816 Stuhr E-Mail-Adresse: musik@kgs-moordeich.de \u00dcbersicht der Verarbeitungen Die nachfolgende \u00dcbersicht fasst die Arten der verarbeiteten Daten und die Zwecke ihrer Verarbeitung zusammen und verweist auf die betroffenen Personen. Arten der verarbeiteten [&hellip;]<\/p>\n","protected":false},"author":1,"featured_media":0,"parent":0,"menu_order":100,"comment_status":"closed","ping_status":"closed","template":"","meta":{"footnotes":""},"class_list":["post-22","page","type-page","status-publish","hentry"],"_links":{"self":[{"href":"https:\/\/scbmusik.de\/index.php?rest_route=\/wp\/v2\/pages\/22","targetHints":{"allow":["GET"]}}],"collection":[{"href":"https:\/\/scbmusik.de\/index.php?rest_route=\/wp\/v2\/pages"}],"about":[{"href":"https:\/\/scbmusik.de\/index.php?rest_route=\/wp\/v2\/types\/page"}],"author":[{"embeddable":true,"href":"https:\/\/scbmusik.de\/index.php?rest_route=\/wp\/v2\/users\/1"}],"replies":[{"embeddable":true,"href":"https:\/\/scbmusik.de\/index.php?rest_route=%2Fwp%2Fv2%2Fcomments&post=22"}],"version-history":[{"count":1,"href":"https:\/\/scbmusik.de\/index.php?rest_route=\/wp\/v2\/pages\/22\/revisions"}],"predecessor-version":[{"id":23,"href":"https:\/\/scbmusik.de\/index.php?rest_route=\/wp\/v2\/pages\/22\/revisions\/23"}],"wp:attachment":[{"href":"https:\/\/scbmusik.de\/index.php?rest_route=%2Fwp%2Fv2%2Fmedia&parent=22"}],"curies":[{"name":"wp","href":"https:\/\/api.w.org\/{rel}","templated":true}]}}