{"id":1625,"date":"2023-12-10T23:21:05","date_gmt":"2023-12-10T23:21:05","guid":{"rendered":"https:\/\/scbmusik.de\/?page_id=1625"},"modified":"2024-05-22T20:12:01","modified_gmt":"2024-05-22T20:12:01","slug":"zl","status":"publish","type":"page","link":"https:\/\/scbmusik.de\/?page_id=1625","title":{"rendered":"ZL"},"content":{"rendered":"\n<pre class=\"wp-block-verse has-small-font-size\">Die Sinfonische Dichtung \"Der Zauberlehrling\" von Paul Dukas wurde hier in 8 Teile unterteilt. Auch auf dem Arbeitsblatt \"Hinweise zur Musikbeschreibung\" findest du im unteren Teil eine Beschreibung, was w\u00e4hrend dieser Teile <em>in der Handlung <\/em>gerade passiert. \n<\/pre>\n\n\n\n<figure class=\"wp-block-audio\"><audio controls src=\"http:\/\/scbmusik.de\/wp-content\/uploads\/2021\/03\/ZL-1-Zauberlehrling.mp3\"><\/audio><figcaption class=\"wp-element-caption\">Teil 1 &#8211; Im Hause des Hexenmeisters. Der Lehrling sagt den Zauberspruch.<\/figcaption><\/figure>\n\n\n\n<figure class=\"wp-block-audio\"><audio controls src=\"http:\/\/scbmusik.de\/wp-content\/uploads\/2021\/03\/ZL-2-Zauberlehrling.mp3\"><\/audio><figcaption class=\"wp-element-caption\">Teil 2 &#8211; Der Besen beginnt zu laufen.<\/figcaption><\/figure>\n\n\n\n<figure class=\"wp-block-audio\"><audio controls src=\"http:\/\/scbmusik.de\/wp-content\/uploads\/2021\/03\/ZL-3-Zauberlehrling.mp3\"><\/audio><figcaption class=\"wp-element-caption\">Teil 3 &#8211; Der Lehrling freut sich \u00fcber seinen Erfolg.<\/figcaption><\/figure>\n\n\n\n<figure class=\"wp-block-audio\"><audio controls src=\"http:\/\/scbmusik.de\/wp-content\/uploads\/2021\/03\/ZL-4-Zauberlehrling.mp3\"><\/audio><figcaption class=\"wp-element-caption\">Teil 4 &#8211; Dreimal versucht der Lehrling vergeblich, die Hexerei mit dem Zauberspruch zu beenden.<\/figcaption><\/figure>\n\n\n\n<figure class=\"wp-block-audio\"><audio controls src=\"http:\/\/scbmusik.de\/wp-content\/uploads\/2021\/03\/ZL-5-Zauberlehrling.mp3\"><\/audio><figcaption class=\"wp-element-caption\">Teil 5 &#8211; Der Lehrling spaltet den Besen durch Hiebe mit dem Beil.<\/figcaption><\/figure>\n\n\n\n<figure class=\"wp-block-audio\"><audio controls src=\"http:\/\/scbmusik.de\/wp-content\/uploads\/2021\/03\/ZL-6-Zauberlehrling.mp3\"><\/audio><figcaption class=\"wp-element-caption\">Teil 6 &#8211; Die zwei Besenh\u00e4lften erheben sich.<\/figcaption><\/figure>\n\n\n\n<figure class=\"wp-block-audio\"><audio controls src=\"http:\/\/scbmusik.de\/wp-content\/uploads\/2021\/03\/ZL-7-Zauberlehrling.mp3\"><\/audio><figcaption class=\"wp-element-caption\">Teil 7 &#8211; Der Lehrling ist den gewaltigen Wassenmassen hilflos ausgeliefert.<\/figcaption><\/figure>\n\n\n\n<figure class=\"wp-block-audio\"><audio controls src=\"http:\/\/scbmusik.de\/wp-content\/uploads\/2021\/03\/ZL-8-Zauberlehrling.mp3\"><\/audio><figcaption class=\"wp-element-caption\">Teil 8 &#8211; Der Hexenmeister bereitet dem Spuk mit dem Zauberspruch ein Ende.<\/figcaption><\/figure>\n\n\n\n<p class=\"has-small-font-size\">Dieses Orchesterst\u00fcck geh\u00f6rt zur Gattung der<\/p>\n\n\n\n<p class=\"has-larger-font-size\">Programmmusik<\/p>\n\n\n\n<p class=\"has-normal-font-size\">Definition: Ein bestimmter Inhalt, eine Stimmung bzw. die Handlung einer Geschichte wird nur mit musikalischen Mitteln (und zwar mit Instrumentalmusik) dargestellt.<\/p>\n\n\n\n<h2 class=\"wp-block-heading\">Leitmotive\/Leitthemen<\/h2>\n\n\n\n<p>Hier kannst du die Sinfonische Dichtung &#8222;Der Zauberlehrling&#8220; als vollst\u00e4ndiges Musikst\u00fcck ohne Unterbrechungen h\u00f6ren. Mithilfe der Zeitangaben kannst du die Leitmotive im St\u00fcck wiederfinden.<\/p>\n\n\n\n<figure class=\"wp-block-audio\"><audio controls src=\"http:\/\/scbmusik.de\/wp-content\/uploads\/2020\/12\/Dukas-Zauberlehrling.mp3\"><\/audio><figcaption class=\"wp-element-caption\">Paul Dukas &#8211; Der Zauberlehrling<\/figcaption><\/figure>\n\n\n\n<figure class=\"wp-block-table\"><table><tbody><tr><td><strong>Leitmotive<\/strong><\/td><td><strong>Zeit<\/strong><\/td><\/tr><tr><td>Zauberspruch des Meisters:<\/td><td>10:26 &#8211; 10:43<\/td><\/tr><tr><td>Zauberspruch des Lehrlings:<\/td><td>1:47 &#8211; 2:00<\/td><\/tr><tr><td>Besen:<\/td><td>2:32 &#8211; 2:49<\/td><\/tr><tr><td>Lehrling:<\/td><td>3:47 &#8211; 3:54<\/td><\/tr><tr><td>Wasser 1:<\/td><td>3:19 &#8211; 3:23<\/td><\/tr><tr><td>Wasser 2:<\/td><td>2:59 &#8211; 3:01<\/td><\/tr><tr><td>Beilhiebe und ihre Folgen:<\/td><td>7:25 &#8211; 7:32<\/td><\/tr><\/tbody><\/table><\/figure>\n\n\n\n<h4 class=\"wp-block-heading\">Notenwerte und Pausen<\/h4>\n\n\n\n<p><a href=\"http:\/\/scbmusik.de\/wp-content\/uploads\/2022\/01\/Uebung-NW-Pausen-Loesung-Wdh..pdf\">L\u00f6sung des \u00dcbungszettels <em>Notenwerte\/Pausenwerte<\/em><\/a><\/p>\n","protected":false},"excerpt":{"rendered":"<p>Die Sinfonische Dichtung &#8222;Der Zauberlehrling&#8220; von Paul Dukas wurde hier in 8 Teile unterteilt. Auch auf dem Arbeitsblatt &#8222;Hinweise zur Musikbeschreibung&#8220; findest du im unteren Teil eine Beschreibung, was w\u00e4hrend dieser Teile in der Handlung gerade passiert. Dieses Orchesterst\u00fcck geh\u00f6rt zur Gattung der Programmmusik Definition: Ein bestimmter Inhalt, eine Stimmung bzw. die Handlung einer Geschichte [&hellip;]<\/p>\n","protected":false},"author":1,"featured_media":0,"parent":0,"menu_order":0,"comment_status":"closed","ping_status":"closed","template":"","meta":{"footnotes":""},"class_list":["post-1625","page","type-page","status-publish","hentry"],"_links":{"self":[{"href":"https:\/\/scbmusik.de\/index.php?rest_route=\/wp\/v2\/pages\/1625","targetHints":{"allow":["GET"]}}],"collection":[{"href":"https:\/\/scbmusik.de\/index.php?rest_route=\/wp\/v2\/pages"}],"about":[{"href":"https:\/\/scbmusik.de\/index.php?rest_route=\/wp\/v2\/types\/page"}],"author":[{"embeddable":true,"href":"https:\/\/scbmusik.de\/index.php?rest_route=\/wp\/v2\/users\/1"}],"replies":[{"embeddable":true,"href":"https:\/\/scbmusik.de\/index.php?rest_route=%2Fwp%2Fv2%2Fcomments&post=1625"}],"version-history":[{"count":7,"href":"https:\/\/scbmusik.de\/index.php?rest_route=\/wp\/v2\/pages\/1625\/revisions"}],"predecessor-version":[{"id":1654,"href":"https:\/\/scbmusik.de\/index.php?rest_route=\/wp\/v2\/pages\/1625\/revisions\/1654"}],"wp:attachment":[{"href":"https:\/\/scbmusik.de\/index.php?rest_route=%2Fwp%2Fv2%2Fmedia&parent=1625"}],"curies":[{"name":"wp","href":"https:\/\/api.w.org\/{rel}","templated":true}]}}